{"id":3036,"date":"2023-11-15T15:06:28","date_gmt":"2023-11-15T15:06:28","guid":{"rendered":"https:\/\/www.parkzijpersluis.nl\/?page_id=3036"},"modified":"2024-10-15T07:42:51","modified_gmt":"2024-10-15T07:42:51","slug":"umgebung","status":"publish","type":"page","link":"https:\/\/www.parkzijpersluis.nl\/de\/umgebung\/","title":{"rendered":"Umgebung"},"content":{"rendered":"<style type=\"text\/css\">\n    .header-heights {\n        height: 65vh;\n    }\n    .header-heights.home {\n        height: 75vh;\n    }\n    @media (max-width: 767px) {\n        .header-heights {\n            height: 30vh;\n        }\n        .header-heights.home {\n            height: 50vh;\n        }\n    }\n<\/style><section class=\"header-img\">\n        <div class=\"img-inner header-heights\" style=\"background-image: url(https:\/\/www.parkzijpersluis.nl\/wp-content\/uploads\/2024\/10\/Top18-jpg.webp);\"><div class=\"container\"><\/div><\/div><\/section>\n\n\n<h1 class=\"wp-block-heading\">Entdecken Sie die wundersch\u00f6ne Umgebung des Zijpersluis Parks<\/h1>\n\n\n\n<p>Unser Ferienpark liegt in einer wundersch\u00f6nen Umgebung. Zwischen den Blumenzwiebelfeldern und nahe der Nordsee. Aber auch nicht weit von sch\u00f6nen St\u00e4dten wie Alkmaar und Schagen entfernt. Sie k\u00f6nnen im Park Rad fahren und spazieren gehen, aber auch am Strand frische Luft schnappen.<\/p>\n\n\n<div class=\"overzicht-full-width normaal normaal\"><div class=\"container\"><div class=\"overview-txt\"><\/div><div class=\"overzicht-archive row tz-blocks\"><a href=\"https:\/\/www.parkzijpersluis.nl\/de\/omgeving\/staedte-und-doerfer\/\" class=\"col-blocks-3 tz-arrangementen-item\"><img decoding=\"async\" src=\"https:\/\/www.parkzijpersluis.nl\/wp-content\/uploads\/2024\/09\/Vakantiepark-Zijpersluis-_4-750x500.webp\" alt=\"\" class=\"attachment-medium size-medium not-transparent wp-post-image\"><div class=\"overview-text\"><h3>St\u00e4dte und D\u00f6rfer<\/h3><p>Rund um den Park Zijpersluis gibt es viele sch\u00f6ne alte niederl\u00e4ndische St\u00e4dte und D\u00f6rfer. Diese Orte zeigen alle, wof\u00fcr die Niederlande bekannt sind.<\/p>\n<span class=\"btn read-more\">Weitere Informationen<\/span><\/div><\/a><a href=\"https:\/\/www.parkzijpersluis.nl\/de\/omgeving\/aktiv-in-nordholland\/\" class=\"col-blocks-3 tz-arrangementen-item\"><img decoding=\"async\" src=\"https:\/\/www.parkzijpersluis.nl\/wp-content\/uploads\/2024\/09\/Vakantiepark-Zijpersluis-_18-750x499.webp\" alt=\"\" class=\"attachment-medium size-medium not-transparent wp-post-image\"><div class=\"overview-text\"><h3>Aktiv in Nordholland<\/h3><p>Der Park Zijpersluis liegt 3 Kilometer von der Nordsee und 30 Kilometer vom IJsselmeer entfernt. Dies sorgt f\u00fcr viele unterhaltsame Aktivit\u00e4ten w\u00e4hrend Ihres Urlaubs.<\/p>\n<span class=\"btn read-more\">Weitere Informationen<\/span><\/div><\/a><a href=\"https:\/\/www.parkzijpersluis.nl\/de\/omgeving\/kultur-in-der-region\/\" class=\"col-blocks-3 tz-arrangementen-item\"><img decoding=\"async\" src=\"https:\/\/www.parkzijpersluis.nl\/wp-content\/uploads\/2024\/10\/Vakantiepark-Zijpersluis-Cultuur1-750x223.webp\" alt=\"\" class=\"attachment-medium size-medium not-transparent wp-post-image\"><div class=\"overview-text\"><h3>Kultur in der Region<\/h3><p>In der Region Park Zijpersluis k\u00f6nnen Sie viel Kultur erleben. Die Region hat viele Museen und viel Kulturerbe.<\/p>\n<span class=\"btn read-more\">Weitere Informationen<\/span><\/div><\/a><\/div><\/div><\/div>\n\n<style type=\"text\/css\">\n    .omgeving-height {\n        height: 65vh;\n    }\n    @media (max-width: 767px) {\n        .omgeving-height {\n            height: 50vh;\n        }\n    }\n<\/style><section class=\"omgeving omgeving-full-width\">\n        <div class=\"omgeving-inner omgeving-height\" style=\"background-image: url(https:\/\/www.parkzijpersluis.nl\/wp-content\/uploads\/2023\/10\/header-1600x609.webp);\"><div class=\"omgeving-text\">\n                <div class=\"text\"><h3>Park Zijpersluis<\/h3>\n<ul>\n<li>Genie\u00dfen Sie die frische Luft am Nordseestrand<\/li>\n<li>Sch\u00f6ner Spaziergang durch die D\u00fcnen (Petten 3 km)<\/li>\n<li>Tagesausfl\u00fcge in historische St\u00e4dte wie Alkmaar und Schagen<\/li>\n<li>Genie\u00dfen Sie die Polderlandschaft mit K\u00fchen und Schafen<\/li>\n<li>Endlose Tulpenfelder im Fr\u00fchling<\/li>\n<li>Radfahren in einer l\u00e4ndlichen Umgebung mit authentischen D\u00f6rfern<\/li>\n<\/ul>\n<\/div><\/div><\/div><\/section>","protected":false},"excerpt":{"rendered":"<p>Entdecken Sie die wundersch\u00f6ne Umgebung des Zijpersluis Parks Unser Ferienpark liegt in einer wundersch\u00f6nen Umgebung. Zwischen den Blumenzwiebelfeldern und nahe der Nordsee. Aber auch nicht weit von sch\u00f6nen St\u00e4dten wie Alkmaar und Schagen entfernt. Sie k\u00f6nnen im Park Rad fahren und spazieren gehen, aber auch am Strand frische Luft schnappen.<\/p>\n","protected":false},"author":1,"featured_media":2997,"parent":0,"menu_order":0,"comment_status":"closed","ping_status":"closed","template":"","meta":{"_acf_changed":false,"footnotes":""},"class_list":["post-3036","page","type-page","status-publish","has-post-thumbnail","hentry"],"acf":[],"yoast_head":"<!-- This site is optimized with the Yoast SEO plugin v25.2 - https:\/\/yoast.com\/wordpress\/plugins\/seo\/ -->\n<title>Umgebung | Vakantiepark Zijpersluis<\/title>\n<meta name=\"description\" content=\"Entdecken Sie die wundersch\u00f6ne Umgebung des Zijpersluis Parks. Unser Ferienpark liegt in einer wundersch\u00f6nen Umgebung. Zwischen den Blumenzwiebelfeldern und nahe der Nordsee.\" \/>\n<meta name=\"robots\" content=\"index, follow, max-snippet:-1, max-image-preview:large, max-video-preview:-1\" \/>\n<link rel=\"canonical\" href=\"https:\/\/www.parkzijpersluis.nl\/de\/umgebung\/\" \/>\n<meta property=\"og:locale\" content=\"de_DE\" \/>\n<meta property=\"og:type\" content=\"article\" \/>\n<meta property=\"og:title\" content=\"Umgebung | Vakantiepark Zijpersluis\" \/>\n<meta property=\"og:description\" content=\"Entdecken Sie die wundersch\u00f6ne Umgebung des Zijpersluis Parks. Unser Ferienpark liegt in einer wundersch\u00f6nen Umgebung. Zwischen den Blumenzwiebelfeldern und nahe der Nordsee.\" \/>\n<meta property=\"og:url\" content=\"https:\/\/www.parkzijpersluis.nl\/de\/umgebung\/\" \/>\n<meta property=\"og:site_name\" content=\"Vakantiepark Zijpersluis\" \/>\n<meta property=\"article:publisher\" content=\"https:\/\/www.facebook.com\/parkzijpersluis\" \/>\n<meta property=\"article:modified_time\" content=\"2024-10-15T07:42:51+00:00\" \/>\n<meta property=\"og:image\" content=\"https:\/\/www.parkzijpersluis.nl\/wp-content\/uploads\/2024\/10\/enkhuizengroot-jpg.webp\" \/>\n\t<meta property=\"og:image:width\" content=\"1680\" \/>\n\t<meta property=\"og:image:height\" content=\"500\" \/>\n\t<meta property=\"og:image:type\" content=\"image\/jpeg\" \/>\n<meta name=\"twitter:card\" content=\"summary_large_image\" \/>\n<meta name=\"twitter:label1\" content=\"Gesch\u00e4tzte Lesezeit\" \/>\n\t<meta name=\"twitter:data1\" content=\"1\u00a0Minute\" \/>\n<script type=\"application\/ld+json\" class=\"yoast-schema-graph\">{\"@context\":\"https:\/\/schema.org\",\"@graph\":[{\"@type\":\"WebPage\",\"@id\":\"https:\/\/www.parkzijpersluis.nl\/de\/umgebung\/\",\"url\":\"https:\/\/www.parkzijpersluis.nl\/de\/umgebung\/\",\"name\":\"Umgebung | Vakantiepark Zijpersluis\",\"isPartOf\":{\"@id\":\"https:\/\/www.parkzijpersluis.nl\/de\/#website\"},\"primaryImageOfPage\":{\"@id\":\"https:\/\/www.parkzijpersluis.nl\/de\/umgebung\/#primaryimage\"},\"image\":{\"@id\":\"https:\/\/www.parkzijpersluis.nl\/de\/umgebung\/#primaryimage\"},\"thumbnailUrl\":\"https:\/\/www.parkzijpersluis.nl\/wp-content\/uploads\/2024\/10\/enkhuizengroot-jpg.webp\",\"datePublished\":\"2023-11-15T15:06:28+00:00\",\"dateModified\":\"2024-10-15T07:42:51+00:00\",\"description\":\"Entdecken Sie die wundersch\u00f6ne Umgebung des Zijpersluis Parks. Unser Ferienpark liegt in einer wundersch\u00f6nen Umgebung. Zwischen den Blumenzwiebelfeldern und nahe der Nordsee.\",\"breadcrumb\":{\"@id\":\"https:\/\/www.parkzijpersluis.nl\/de\/umgebung\/#breadcrumb\"},\"inLanguage\":\"de\",\"potentialAction\":[{\"@type\":\"ReadAction\",\"target\":[\"https:\/\/www.parkzijpersluis.nl\/de\/umgebung\/\"]}]},{\"@type\":\"ImageObject\",\"inLanguage\":\"de\",\"@id\":\"https:\/\/www.parkzijpersluis.nl\/de\/umgebung\/#primaryimage\",\"url\":\"https:\/\/www.parkzijpersluis.nl\/wp-content\/uploads\/2024\/10\/enkhuizengroot-jpg.webp\",\"contentUrl\":\"https:\/\/www.parkzijpersluis.nl\/wp-content\/uploads\/2024\/10\/enkhuizengroot-jpg.webp\",\"width\":1680,\"height\":500},{\"@type\":\"BreadcrumbList\",\"@id\":\"https:\/\/www.parkzijpersluis.nl\/de\/umgebung\/#breadcrumb\",\"itemListElement\":[{\"@type\":\"ListItem\",\"position\":1,\"name\":\"Home\",\"item\":\"https:\/\/www.parkzijpersluis.nl\/de\/\"},{\"@type\":\"ListItem\",\"position\":2,\"name\":\"Umgebung\"}]},{\"@type\":\"WebSite\",\"@id\":\"https:\/\/www.parkzijpersluis.nl\/de\/#website\",\"url\":\"https:\/\/www.parkzijpersluis.nl\/de\/\",\"name\":\"Vakantiepark Zijpersluis\",\"description\":\"Beleef rust &amp; ruimte in Noord Holland\",\"publisher\":{\"@id\":\"https:\/\/www.parkzijpersluis.nl\/de\/#organization\"},\"alternateName\":\"Vakantiepark Zijpersluis\",\"potentialAction\":[{\"@type\":\"SearchAction\",\"target\":{\"@type\":\"EntryPoint\",\"urlTemplate\":\"https:\/\/www.parkzijpersluis.nl\/de\/?s={search_term_string}\"},\"query-input\":{\"@type\":\"PropertyValueSpecification\",\"valueRequired\":true,\"valueName\":\"search_term_string\"}}],\"inLanguage\":\"de\"},{\"@type\":\"Organization\",\"@id\":\"https:\/\/www.parkzijpersluis.nl\/de\/#organization\",\"name\":\"Vakantiepark Zijpersluis\",\"url\":\"https:\/\/www.parkzijpersluis.nl\/de\/\",\"logo\":{\"@type\":\"ImageObject\",\"inLanguage\":\"de\",\"@id\":\"https:\/\/www.parkzijpersluis.nl\/de\/#\/schema\/logo\/image\/\",\"url\":\"https:\/\/parkzijpersluis.nl\/wp-content\/uploads\/2024\/10\/logo-png.webp\",\"contentUrl\":\"https:\/\/parkzijpersluis.nl\/wp-content\/uploads\/2024\/10\/logo-png.webp\",\"width\":110,\"height\":83,\"caption\":\"Vakantiepark Zijpersluis\"},\"image\":{\"@id\":\"https:\/\/www.parkzijpersluis.nl\/de\/#\/schema\/logo\/image\/\"},\"sameAs\":[\"https:\/\/www.facebook.com\/parkzijpersluis\"]}]}<\/script>\n<!-- \/ Yoast SEO plugin. -->","yoast_head_json":{"title":"Umgebung | Vakantiepark Zijpersluis","description":"Entdecken Sie die wundersch\u00f6ne Umgebung des Zijpersluis Parks. Unser Ferienpark liegt in einer wundersch\u00f6nen Umgebung. Zwischen den Blumenzwiebelfeldern und nahe der Nordsee.","robots":{"index":"index","follow":"follow","max-snippet":"max-snippet:-1","max-image-preview":"max-image-preview:large","max-video-preview":"max-video-preview:-1"},"canonical":"https:\/\/www.parkzijpersluis.nl\/de\/umgebung\/","og_locale":"de_DE","og_type":"article","og_title":"Umgebung | Vakantiepark Zijpersluis","og_description":"Entdecken Sie die wundersch\u00f6ne Umgebung des Zijpersluis Parks. Unser Ferienpark liegt in einer wundersch\u00f6nen Umgebung. Zwischen den Blumenzwiebelfeldern und nahe der Nordsee.","og_url":"https:\/\/www.parkzijpersluis.nl\/de\/umgebung\/","og_site_name":"Vakantiepark Zijpersluis","article_publisher":"https:\/\/www.facebook.com\/parkzijpersluis","article_modified_time":"2024-10-15T07:42:51+00:00","og_image":[{"width":1680,"height":500,"url":"https:\/\/www.parkzijpersluis.nl\/wp-content\/uploads\/2024\/10\/enkhuizengroot-jpg.webp","type":"image\/jpeg"}],"twitter_card":"summary_large_image","twitter_misc":{"Gesch\u00e4tzte Lesezeit":"1\u00a0Minute"},"schema":{"@context":"https:\/\/schema.org","@graph":[{"@type":"WebPage","@id":"https:\/\/www.parkzijpersluis.nl\/de\/umgebung\/","url":"https:\/\/www.parkzijpersluis.nl\/de\/umgebung\/","name":"Umgebung | Vakantiepark Zijpersluis","isPartOf":{"@id":"https:\/\/www.parkzijpersluis.nl\/de\/#website"},"primaryImageOfPage":{"@id":"https:\/\/www.parkzijpersluis.nl\/de\/umgebung\/#primaryimage"},"image":{"@id":"https:\/\/www.parkzijpersluis.nl\/de\/umgebung\/#primaryimage"},"thumbnailUrl":"https:\/\/www.parkzijpersluis.nl\/wp-content\/uploads\/2024\/10\/enkhuizengroot-jpg.webp","datePublished":"2023-11-15T15:06:28+00:00","dateModified":"2024-10-15T07:42:51+00:00","description":"Entdecken Sie die wundersch\u00f6ne Umgebung des Zijpersluis Parks. Unser Ferienpark liegt in einer wundersch\u00f6nen Umgebung. Zwischen den Blumenzwiebelfeldern und nahe der Nordsee.","breadcrumb":{"@id":"https:\/\/www.parkzijpersluis.nl\/de\/umgebung\/#breadcrumb"},"inLanguage":"de","potentialAction":[{"@type":"ReadAction","target":["https:\/\/www.parkzijpersluis.nl\/de\/umgebung\/"]}]},{"@type":"ImageObject","inLanguage":"de","@id":"https:\/\/www.parkzijpersluis.nl\/de\/umgebung\/#primaryimage","url":"https:\/\/www.parkzijpersluis.nl\/wp-content\/uploads\/2024\/10\/enkhuizengroot-jpg.webp","contentUrl":"https:\/\/www.parkzijpersluis.nl\/wp-content\/uploads\/2024\/10\/enkhuizengroot-jpg.webp","width":1680,"height":500},{"@type":"BreadcrumbList","@id":"https:\/\/www.parkzijpersluis.nl\/de\/umgebung\/#breadcrumb","itemListElement":[{"@type":"ListItem","position":1,"name":"Home","item":"https:\/\/www.parkzijpersluis.nl\/de\/"},{"@type":"ListItem","position":2,"name":"Umgebung"}]},{"@type":"WebSite","@id":"https:\/\/www.parkzijpersluis.nl\/de\/#website","url":"https:\/\/www.parkzijpersluis.nl\/de\/","name":"Vakantiepark Zijpersluis","description":"Beleef rust &amp; ruimte in Noord Holland","publisher":{"@id":"https:\/\/www.parkzijpersluis.nl\/de\/#organization"},"alternateName":"Vakantiepark Zijpersluis","potentialAction":[{"@type":"SearchAction","target":{"@type":"EntryPoint","urlTemplate":"https:\/\/www.parkzijpersluis.nl\/de\/?s={search_term_string}"},"query-input":{"@type":"PropertyValueSpecification","valueRequired":true,"valueName":"search_term_string"}}],"inLanguage":"de"},{"@type":"Organization","@id":"https:\/\/www.parkzijpersluis.nl\/de\/#organization","name":"Vakantiepark Zijpersluis","url":"https:\/\/www.parkzijpersluis.nl\/de\/","logo":{"@type":"ImageObject","inLanguage":"de","@id":"https:\/\/www.parkzijpersluis.nl\/de\/#\/schema\/logo\/image\/","url":"https:\/\/parkzijpersluis.nl\/wp-content\/uploads\/2024\/10\/logo-png.webp","contentUrl":"https:\/\/parkzijpersluis.nl\/wp-content\/uploads\/2024\/10\/logo-png.webp","width":110,"height":83,"caption":"Vakantiepark Zijpersluis"},"image":{"@id":"https:\/\/www.parkzijpersluis.nl\/de\/#\/schema\/logo\/image\/"},"sameAs":["https:\/\/www.facebook.com\/parkzijpersluis"]}]}},"_links":{"self":[{"href":"https:\/\/www.parkzijpersluis.nl\/de\/wp-json\/wp\/v2\/pages\/3036","targetHints":{"allow":["GET"]}}],"collection":[{"href":"https:\/\/www.parkzijpersluis.nl\/de\/wp-json\/wp\/v2\/pages"}],"about":[{"href":"https:\/\/www.parkzijpersluis.nl\/de\/wp-json\/wp\/v2\/types\/page"}],"author":[{"embeddable":true,"href":"https:\/\/www.parkzijpersluis.nl\/de\/wp-json\/wp\/v2\/users\/1"}],"replies":[{"embeddable":true,"href":"https:\/\/www.parkzijpersluis.nl\/de\/wp-json\/wp\/v2\/comments?post=3036"}],"version-history":[{"count":4,"href":"https:\/\/www.parkzijpersluis.nl\/de\/wp-json\/wp\/v2\/pages\/3036\/revisions"}],"predecessor-version":[{"id":3320,"href":"https:\/\/www.parkzijpersluis.nl\/de\/wp-json\/wp\/v2\/pages\/3036\/revisions\/3320"}],"wp:featuredmedia":[{"embeddable":true,"href":"https:\/\/www.parkzijpersluis.nl\/de\/wp-json\/wp\/v2\/media\/2997"}],"wp:attachment":[{"href":"https:\/\/www.parkzijpersluis.nl\/de\/wp-json\/wp\/v2\/media?parent=3036"}],"curies":[{"name":"wp","href":"https:\/\/api.w.org\/{rel}","templated":true}]}}