{"id":3082,"date":"2023-10-25T14:44:14","date_gmt":"2023-10-25T14:44:14","guid":{"rendered":"https:\/\/www.parkzijpersluis.nl\/?page_id=3082"},"modified":"2024-10-18T08:02:51","modified_gmt":"2024-10-18T08:02:51","slug":"kontakt","status":"publish","type":"page","link":"https:\/\/www.parkzijpersluis.nl\/de\/kontakt\/","title":{"rendered":"Kontakt"},"content":{"rendered":"<style type=\"text\/css\">\n    .header-heights {\n        height: 65vh;\n    }\n    .header-heights.home {\n        height: 75vh;\n    }\n    @media (max-width: 767px) {\n        .header-heights {\n            height: 30vh;\n        }\n        .header-heights.home {\n            height: 50vh;\n        }\n    }\n<\/style><section class=\"header-img\">\n        <div class=\"img-inner header-heights\" style=\"background-image: url(https:\/\/www.parkzijpersluis.nl\/wp-content\/uploads\/2023\/10\/header-1-1600x800.webp);\"><div class=\"container\"><\/div><\/div><\/section>\n\n\n<h1 class=\"wp-block-heading\">Wir sind f\u00fcr Sie da!<\/h1>\n\n\n\n<p>Haben Sie Fragen, m\u00f6chten Sie mehr Informationen \u00fcber unseren Park oder direkt eine Reservierung vornehmen? Nehmen Sie gerne Kontakt mit uns auf. Wir helfen Ihnen gerne weiter, damit Ihr Aufenthalt im Vakantiepark Zijpersluis unvergesslich wird.<\/p>\n\n\n\n<div class=\"wp-block-columns is-layout-flex wp-container-core-columns-is-layout-9d6595d7 wp-block-columns-is-layout-flex\">\n<div class=\"wp-block-column is-layout-flow wp-block-column-is-layout-flow\" style=\"flex-basis:33.33%\"><div class=\"tz-naw\"><h3>Vakantiepark Zijpersluis<\/h3>Ruigeweg 6a<br>1754 HA  Burgerbrug <br>Niederlande<br> <a href=\"tel:0031226 - 38 12 15\">0031226 &#8211; 38 12 15<\/a><br> <a href=\"mailto:info@parkzijpersluis.nl\">info@parkzijpersluis.nl<\/a><\/div><\/div>\n\n\n\n<div class=\"wp-block-column is-layout-flow wp-block-column-is-layout-flow\" style=\"flex-basis:66.66%\"><div class=\"tz-googlemaps\"><iframe width=\"600\" height=\"450\" frameborder=\"0\" style=\"border:0\" src=\"https:\/\/www.google.com\/maps?q=Ruigeweg+6a%2C+1754+HA++Burgerbrug+%2C+Niederlande&#038;output=embed\" allowfullscreen loading=\"lazy\" referrerpolicy=\"no-referrer-when-downgrade\"><\/iframe><\/div><\/div>\n<\/div>\n","protected":false},"excerpt":{"rendered":"<p>Wir sind f\u00fcr Sie da! Haben Sie Fragen, m\u00f6chten Sie mehr Informationen \u00fcber unseren Park oder direkt eine Reservierung vornehmen? Nehmen Sie gerne Kontakt mit uns auf. Wir helfen Ihnen gerne weiter, damit Ihr Aufenthalt im Vakantiepark Zijpersluis unvergesslich wird.<\/p>\n","protected":false},"author":1,"featured_media":2846,"parent":0,"menu_order":0,"comment_status":"closed","ping_status":"closed","template":"","meta":{"_acf_changed":false,"footnotes":""},"class_list":["post-3082","page","type-page","status-publish","has-post-thumbnail","hentry"],"acf":[],"yoast_head":"<!-- This site is optimized with the Yoast SEO plugin v25.2 - https:\/\/yoast.com\/wordpress\/plugins\/seo\/ -->\n<title>Kontakt | Vakantiepark Zijpersluis<\/title>\n<meta name=\"robots\" content=\"index, follow, max-snippet:-1, max-image-preview:large, max-video-preview:-1\" \/>\n<link rel=\"canonical\" href=\"https:\/\/www.parkzijpersluis.nl\/de\/kontakt\/\" \/>\n<meta property=\"og:locale\" content=\"de_DE\" \/>\n<meta property=\"og:type\" content=\"article\" \/>\n<meta property=\"og:title\" content=\"Kontakt | Vakantiepark Zijpersluis\" \/>\n<meta property=\"og:description\" content=\"Wir sind f\u00fcr Sie da! Haben Sie Fragen, m\u00f6chten Sie mehr Informationen \u00fcber unseren Park oder direkt eine Reservierung vornehmen? Nehmen Sie gerne Kontakt mit uns auf. Wir helfen Ihnen gerne weiter, damit Ihr Aufenthalt im Vakantiepark Zijpersluis unvergesslich wird.\" \/>\n<meta property=\"og:url\" content=\"https:\/\/www.parkzijpersluis.nl\/de\/kontakt\/\" \/>\n<meta property=\"og:site_name\" content=\"Vakantiepark Zijpersluis\" \/>\n<meta property=\"article:publisher\" content=\"https:\/\/www.facebook.com\/parkzijpersluis\" \/>\n<meta property=\"article:modified_time\" content=\"2024-10-18T08:02:51+00:00\" \/>\n<meta property=\"og:image\" content=\"https:\/\/www.parkzijpersluis.nl\/wp-content\/uploads\/2024\/09\/Foto-buitenkant-van-Katja-2-jpg.webp\" \/>\n\t<meta property=\"og:image:width\" content=\"1200\" \/>\n\t<meta property=\"og:image:height\" content=\"900\" \/>\n\t<meta property=\"og:image:type\" content=\"image\/jpeg\" \/>\n<meta name=\"twitter:card\" content=\"summary_large_image\" \/>\n<meta name=\"twitter:label1\" content=\"Gesch\u00e4tzte Lesezeit\" \/>\n\t<meta name=\"twitter:data1\" content=\"1\u00a0Minute\" \/>\n<script type=\"application\/ld+json\" class=\"yoast-schema-graph\">{\"@context\":\"https:\/\/schema.org\",\"@graph\":[{\"@type\":\"WebPage\",\"@id\":\"https:\/\/www.parkzijpersluis.nl\/de\/kontakt\/\",\"url\":\"https:\/\/www.parkzijpersluis.nl\/de\/kontakt\/\",\"name\":\"Kontakt | Vakantiepark Zijpersluis\",\"isPartOf\":{\"@id\":\"https:\/\/www.parkzijpersluis.nl\/de\/#website\"},\"primaryImageOfPage\":{\"@id\":\"https:\/\/www.parkzijpersluis.nl\/de\/kontakt\/#primaryimage\"},\"image\":{\"@id\":\"https:\/\/www.parkzijpersluis.nl\/de\/kontakt\/#primaryimage\"},\"thumbnailUrl\":\"https:\/\/www.parkzijpersluis.nl\/wp-content\/uploads\/2024\/09\/Foto-buitenkant-van-Katja-2-jpg.webp\",\"datePublished\":\"2023-10-25T14:44:14+00:00\",\"dateModified\":\"2024-10-18T08:02:51+00:00\",\"breadcrumb\":{\"@id\":\"https:\/\/www.parkzijpersluis.nl\/de\/kontakt\/#breadcrumb\"},\"inLanguage\":\"de\",\"potentialAction\":[{\"@type\":\"ReadAction\",\"target\":[\"https:\/\/www.parkzijpersluis.nl\/de\/kontakt\/\"]}]},{\"@type\":\"ImageObject\",\"inLanguage\":\"de\",\"@id\":\"https:\/\/www.parkzijpersluis.nl\/de\/kontakt\/#primaryimage\",\"url\":\"https:\/\/www.parkzijpersluis.nl\/wp-content\/uploads\/2024\/09\/Foto-buitenkant-van-Katja-2-jpg.webp\",\"contentUrl\":\"https:\/\/www.parkzijpersluis.nl\/wp-content\/uploads\/2024\/09\/Foto-buitenkant-van-Katja-2-jpg.webp\",\"width\":1200,\"height\":900,\"caption\":\"Chalet 52_Vakantiepark Zijpersluis\"},{\"@type\":\"BreadcrumbList\",\"@id\":\"https:\/\/www.parkzijpersluis.nl\/de\/kontakt\/#breadcrumb\",\"itemListElement\":[{\"@type\":\"ListItem\",\"position\":1,\"name\":\"Home\",\"item\":\"https:\/\/www.parkzijpersluis.nl\/de\/\"},{\"@type\":\"ListItem\",\"position\":2,\"name\":\"Kontakt\"}]},{\"@type\":\"WebSite\",\"@id\":\"https:\/\/www.parkzijpersluis.nl\/de\/#website\",\"url\":\"https:\/\/www.parkzijpersluis.nl\/de\/\",\"name\":\"Vakantiepark Zijpersluis\",\"description\":\"Beleef rust &amp; ruimte in Noord Holland\",\"publisher\":{\"@id\":\"https:\/\/www.parkzijpersluis.nl\/de\/#organization\"},\"alternateName\":\"Vakantiepark Zijpersluis\",\"potentialAction\":[{\"@type\":\"SearchAction\",\"target\":{\"@type\":\"EntryPoint\",\"urlTemplate\":\"https:\/\/www.parkzijpersluis.nl\/de\/?s={search_term_string}\"},\"query-input\":{\"@type\":\"PropertyValueSpecification\",\"valueRequired\":true,\"valueName\":\"search_term_string\"}}],\"inLanguage\":\"de\"},{\"@type\":\"Organization\",\"@id\":\"https:\/\/www.parkzijpersluis.nl\/de\/#organization\",\"name\":\"Vakantiepark Zijpersluis\",\"url\":\"https:\/\/www.parkzijpersluis.nl\/de\/\",\"logo\":{\"@type\":\"ImageObject\",\"inLanguage\":\"de\",\"@id\":\"https:\/\/www.parkzijpersluis.nl\/de\/#\/schema\/logo\/image\/\",\"url\":\"https:\/\/parkzijpersluis.nl\/wp-content\/uploads\/2024\/10\/logo-png.webp\",\"contentUrl\":\"https:\/\/parkzijpersluis.nl\/wp-content\/uploads\/2024\/10\/logo-png.webp\",\"width\":110,\"height\":83,\"caption\":\"Vakantiepark Zijpersluis\"},\"image\":{\"@id\":\"https:\/\/www.parkzijpersluis.nl\/de\/#\/schema\/logo\/image\/\"},\"sameAs\":[\"https:\/\/www.facebook.com\/parkzijpersluis\"]}]}<\/script>\n<!-- \/ Yoast SEO plugin. -->","yoast_head_json":{"title":"Kontakt | Vakantiepark Zijpersluis","robots":{"index":"index","follow":"follow","max-snippet":"max-snippet:-1","max-image-preview":"max-image-preview:large","max-video-preview":"max-video-preview:-1"},"canonical":"https:\/\/www.parkzijpersluis.nl\/de\/kontakt\/","og_locale":"de_DE","og_type":"article","og_title":"Kontakt | Vakantiepark Zijpersluis","og_description":"Wir sind f\u00fcr Sie da! Haben Sie Fragen, m\u00f6chten Sie mehr Informationen \u00fcber unseren Park oder direkt eine Reservierung vornehmen? Nehmen Sie gerne Kontakt mit uns auf. Wir helfen Ihnen gerne weiter, damit Ihr Aufenthalt im Vakantiepark Zijpersluis unvergesslich wird.","og_url":"https:\/\/www.parkzijpersluis.nl\/de\/kontakt\/","og_site_name":"Vakantiepark Zijpersluis","article_publisher":"https:\/\/www.facebook.com\/parkzijpersluis","article_modified_time":"2024-10-18T08:02:51+00:00","og_image":[{"width":1200,"height":900,"url":"https:\/\/www.parkzijpersluis.nl\/wp-content\/uploads\/2024\/09\/Foto-buitenkant-van-Katja-2-jpg.webp","type":"image\/jpeg"}],"twitter_card":"summary_large_image","twitter_misc":{"Gesch\u00e4tzte Lesezeit":"1\u00a0Minute"},"schema":{"@context":"https:\/\/schema.org","@graph":[{"@type":"WebPage","@id":"https:\/\/www.parkzijpersluis.nl\/de\/kontakt\/","url":"https:\/\/www.parkzijpersluis.nl\/de\/kontakt\/","name":"Kontakt | Vakantiepark Zijpersluis","isPartOf":{"@id":"https:\/\/www.parkzijpersluis.nl\/de\/#website"},"primaryImageOfPage":{"@id":"https:\/\/www.parkzijpersluis.nl\/de\/kontakt\/#primaryimage"},"image":{"@id":"https:\/\/www.parkzijpersluis.nl\/de\/kontakt\/#primaryimage"},"thumbnailUrl":"https:\/\/www.parkzijpersluis.nl\/wp-content\/uploads\/2024\/09\/Foto-buitenkant-van-Katja-2-jpg.webp","datePublished":"2023-10-25T14:44:14+00:00","dateModified":"2024-10-18T08:02:51+00:00","breadcrumb":{"@id":"https:\/\/www.parkzijpersluis.nl\/de\/kontakt\/#breadcrumb"},"inLanguage":"de","potentialAction":[{"@type":"ReadAction","target":["https:\/\/www.parkzijpersluis.nl\/de\/kontakt\/"]}]},{"@type":"ImageObject","inLanguage":"de","@id":"https:\/\/www.parkzijpersluis.nl\/de\/kontakt\/#primaryimage","url":"https:\/\/www.parkzijpersluis.nl\/wp-content\/uploads\/2024\/09\/Foto-buitenkant-van-Katja-2-jpg.webp","contentUrl":"https:\/\/www.parkzijpersluis.nl\/wp-content\/uploads\/2024\/09\/Foto-buitenkant-van-Katja-2-jpg.webp","width":1200,"height":900,"caption":"Chalet 52_Vakantiepark Zijpersluis"},{"@type":"BreadcrumbList","@id":"https:\/\/www.parkzijpersluis.nl\/de\/kontakt\/#breadcrumb","itemListElement":[{"@type":"ListItem","position":1,"name":"Home","item":"https:\/\/www.parkzijpersluis.nl\/de\/"},{"@type":"ListItem","position":2,"name":"Kontakt"}]},{"@type":"WebSite","@id":"https:\/\/www.parkzijpersluis.nl\/de\/#website","url":"https:\/\/www.parkzijpersluis.nl\/de\/","name":"Vakantiepark Zijpersluis","description":"Beleef rust &amp; ruimte in Noord Holland","publisher":{"@id":"https:\/\/www.parkzijpersluis.nl\/de\/#organization"},"alternateName":"Vakantiepark Zijpersluis","potentialAction":[{"@type":"SearchAction","target":{"@type":"EntryPoint","urlTemplate":"https:\/\/www.parkzijpersluis.nl\/de\/?s={search_term_string}"},"query-input":{"@type":"PropertyValueSpecification","valueRequired":true,"valueName":"search_term_string"}}],"inLanguage":"de"},{"@type":"Organization","@id":"https:\/\/www.parkzijpersluis.nl\/de\/#organization","name":"Vakantiepark Zijpersluis","url":"https:\/\/www.parkzijpersluis.nl\/de\/","logo":{"@type":"ImageObject","inLanguage":"de","@id":"https:\/\/www.parkzijpersluis.nl\/de\/#\/schema\/logo\/image\/","url":"https:\/\/parkzijpersluis.nl\/wp-content\/uploads\/2024\/10\/logo-png.webp","contentUrl":"https:\/\/parkzijpersluis.nl\/wp-content\/uploads\/2024\/10\/logo-png.webp","width":110,"height":83,"caption":"Vakantiepark Zijpersluis"},"image":{"@id":"https:\/\/www.parkzijpersluis.nl\/de\/#\/schema\/logo\/image\/"},"sameAs":["https:\/\/www.facebook.com\/parkzijpersluis"]}]}},"_links":{"self":[{"href":"https:\/\/www.parkzijpersluis.nl\/de\/wp-json\/wp\/v2\/pages\/3082","targetHints":{"allow":["GET"]}}],"collection":[{"href":"https:\/\/www.parkzijpersluis.nl\/de\/wp-json\/wp\/v2\/pages"}],"about":[{"href":"https:\/\/www.parkzijpersluis.nl\/de\/wp-json\/wp\/v2\/types\/page"}],"author":[{"embeddable":true,"href":"https:\/\/www.parkzijpersluis.nl\/de\/wp-json\/wp\/v2\/users\/1"}],"replies":[{"embeddable":true,"href":"https:\/\/www.parkzijpersluis.nl\/de\/wp-json\/wp\/v2\/comments?post=3082"}],"version-history":[{"count":4,"href":"https:\/\/www.parkzijpersluis.nl\/de\/wp-json\/wp\/v2\/pages\/3082\/revisions"}],"predecessor-version":[{"id":4330,"href":"https:\/\/www.parkzijpersluis.nl\/de\/wp-json\/wp\/v2\/pages\/3082\/revisions\/4330"}],"wp:featuredmedia":[{"embeddable":true,"href":"https:\/\/www.parkzijpersluis.nl\/de\/wp-json\/wp\/v2\/media\/2846"}],"wp:attachment":[{"href":"https:\/\/www.parkzijpersluis.nl\/de\/wp-json\/wp\/v2\/media?parent=3082"}],"curies":[{"name":"wp","href":"https:\/\/api.w.org\/{rel}","templated":true}]}}