{"id":3354,"date":"2024-10-15T12:57:35","date_gmt":"2024-10-15T12:57:35","guid":{"rendered":"https:\/\/www.parkzijpersluis.nl\/?page_id=3354"},"modified":"2024-11-29T10:52:53","modified_gmt":"2024-11-29T10:52:53","slug":"bungalow","status":"publish","type":"page","link":"https:\/\/www.parkzijpersluis.nl\/de\/vermietung\/bungalow\/","title":{"rendered":"Bungalow"},"content":{"rendered":"<style type=\"text\/css\">\n    .header-heights {\n        height: 65vh;\n    }\n    .header-heights.home {\n        height: 75vh;\n    }\n    @media (max-width: 767px) {\n        .header-heights {\n            height: 30vh;\n        }\n        .header-heights.home {\n            height: 50vh;\n        }\n    }\n<\/style><section class=\"header-img\">\n        <div class=\"img-inner header-heights\" style=\"background-image: url(https:\/\/www.parkzijpersluis.nl\/wp-content\/uploads\/2024\/09\/R5K-20220628-PZ-Bungalow-65-Buitenkant-2257-jpg.webp);\"><div class=\"header_txt\">\n                <h3>Entdecken Sie unsere luxuri\u00f6sen Bungalows<\/h3>\n                <h2><\/h2><\/div><div class=\"container\"><\/div><\/div><\/section>\n\n\n<h1 class=\"wp-block-heading\">Die sch\u00f6nsten Bungalows f\u00fcr Sie ausgew\u00e4hlt<\/h1>\n\n\n\n<p>In unserem Park k\u00f6nnen Sie Luxusbungalows mieten. Alle Bungalows sind komplett m\u00f6bliert, sodass Ihr Urlaub sofort nach der Ankunft beginnen kann. W\u00e4hlen Sie Ihren Lieblingsbungalow aus unserem umfangreichen Angebot und kommen Sie in den Ferienpark Zijpersluis.<\/p>\n\n\n<div class=\"harbor-main-widget\">\r\n<div is=\"search\" class=\"h-sticky-block\" :category-id=\"6\" :config=\"{ top: false,isDateRangePicker: true}\" :pre-fill=\"true\" :expandable=\"true\" url=\"\/such-buch-ergebnisse\">&nbsp;<\/div>\r\n<div is=\"telesto\":category-id=\"6\"   :link-more-info-to-image=\"true\"  theme=\"card\" :allow-multiple-filter-collapse=\"false\" :is-enable-filter=\"false\" :filter-enabled=\"false\"><\/div>\r\n<\/div>\n\n<style type=\"text\/css\">\n    .omgeving-height {\n        height: 65vh;\n    }\n    @media (max-width: 767px) {\n        .omgeving-height {\n            height: 50vh;\n        }\n    }\n<\/style><section class=\"omgeving omgeving-full-width\">\n        <div class=\"omgeving-inner omgeving-height\" style=\"background-image: url(https:\/\/www.parkzijpersluis.nl\/wp-content\/uploads\/2023\/10\/header-1600x609.webp);\"><div class=\"omgeving-text\">\n                <div class=\"text\"><h3>Park Zijpersluis<\/h3>\n<ul>\n<li>Genie\u00dfen Sie die frische Luft am Nordseestrand<\/li>\n<li>Sch\u00f6ner Spaziergang durch die D\u00fcnen (Petten 3 km)<\/li>\n<li>Tagesausfl\u00fcge in historische St\u00e4dte wie Alkmaar und Schagen<\/li>\n<li>Genie\u00dfen Sie die Polderlandschaft mit K\u00fchen und Schafen<\/li>\n<li>Endlose Tulpenfelder im Fr\u00fchling<\/li>\n<li>Radfahren in einer l\u00e4ndlichen Umgebung mit authentischen D\u00f6rfern<\/li>\n<\/ul>\n<\/div><\/div><\/div><\/section>","protected":false},"excerpt":{"rendered":"<p>Die sch\u00f6nsten Bungalows f\u00fcr Sie ausgew\u00e4hlt In unserem Park k\u00f6nnen Sie Luxusbungalows mieten. Alle Bungalows sind komplett m\u00f6bliert, sodass Ihr Urlaub sofort nach der Ankunft beginnen kann. W\u00e4hlen Sie Ihren Lieblingsbungalow aus unserem umfangreichen Angebot und kommen Sie in den Ferienpark Zijpersluis.<\/p>\n","protected":false},"author":1,"featured_media":2739,"parent":3023,"menu_order":0,"comment_status":"closed","ping_status":"closed","template":"","meta":{"_acf_changed":false,"footnotes":""},"class_list":["post-3354","page","type-page","status-publish","has-post-thumbnail","hentry"],"acf":[],"yoast_head":"<!-- This site is optimized with the Yoast SEO plugin v25.2 - https:\/\/yoast.com\/wordpress\/plugins\/seo\/ -->\n<title>Mieten Sie einen Bungalow | Park Zijpersluis<\/title>\n<meta name=\"description\" content=\"Mieten Sie einen Bungalow an der K\u00fcste \u2705 4 oder 5 Bungalows \u2705 Suchen und buchen Sie einen Urlaub im Ferienpark Zijpersluis \u2705 Nordholland\" \/>\n<meta name=\"robots\" content=\"index, follow, max-snippet:-1, max-image-preview:large, max-video-preview:-1\" \/>\n<link rel=\"canonical\" href=\"https:\/\/www.parkzijpersluis.nl\/de\/vermietung\/bungalow\/\" \/>\n<meta property=\"og:locale\" content=\"de_DE\" \/>\n<meta property=\"og:type\" content=\"article\" \/>\n<meta property=\"og:title\" content=\"Mieten Sie einen Bungalow | Park Zijpersluis\" \/>\n<meta property=\"og:description\" content=\"Mieten Sie einen Bungalow an der K\u00fcste \u2705 4 oder 5 Bungalows \u2705 Suchen und buchen Sie einen Urlaub im Ferienpark Zijpersluis \u2705 Nordholland\" \/>\n<meta property=\"og:url\" content=\"https:\/\/www.parkzijpersluis.nl\/de\/vermietung\/bungalow\/\" \/>\n<meta property=\"og:site_name\" content=\"Vakantiepark Zijpersluis\" \/>\n<meta property=\"article:publisher\" content=\"https:\/\/www.facebook.com\/parkzijpersluis\" \/>\n<meta property=\"article:modified_time\" content=\"2024-11-29T10:52:53+00:00\" \/>\n<meta property=\"og:image\" content=\"https:\/\/www.parkzijpersluis.nl\/wp-content\/uploads\/2024\/09\/Ex-R5K-20211005-PZ-Chalet-42--jpg.webp\" \/>\n\t<meta property=\"og:image:width\" content=\"1200\" \/>\n\t<meta property=\"og:image:height\" content=\"800\" \/>\n\t<meta property=\"og:image:type\" content=\"image\/jpeg\" \/>\n<meta name=\"twitter:card\" content=\"summary_large_image\" \/>\n<meta name=\"twitter:label1\" content=\"Gesch\u00e4tzte Lesezeit\" \/>\n\t<meta name=\"twitter:data1\" content=\"1\u00a0Minute\" \/>\n<script type=\"application\/ld+json\" class=\"yoast-schema-graph\">{\"@context\":\"https:\/\/schema.org\",\"@graph\":[{\"@type\":\"WebPage\",\"@id\":\"https:\/\/www.parkzijpersluis.nl\/de\/vermietung\/bungalow\/\",\"url\":\"https:\/\/www.parkzijpersluis.nl\/de\/vermietung\/bungalow\/\",\"name\":\"Mieten Sie einen Bungalow | Park Zijpersluis\",\"isPartOf\":{\"@id\":\"https:\/\/www.parkzijpersluis.nl\/de\/#website\"},\"primaryImageOfPage\":{\"@id\":\"https:\/\/www.parkzijpersluis.nl\/de\/vermietung\/bungalow\/#primaryimage\"},\"image\":{\"@id\":\"https:\/\/www.parkzijpersluis.nl\/de\/vermietung\/bungalow\/#primaryimage\"},\"thumbnailUrl\":\"https:\/\/www.parkzijpersluis.nl\/wp-content\/uploads\/2024\/09\/Ex-R5K-20211005-PZ-Chalet-42--jpg.webp\",\"datePublished\":\"2024-10-15T12:57:35+00:00\",\"dateModified\":\"2024-11-29T10:52:53+00:00\",\"description\":\"Mieten Sie einen Bungalow an der K\u00fcste \u2705 4 oder 5 Bungalows \u2705 Suchen und buchen Sie einen Urlaub im Ferienpark Zijpersluis \u2705 Nordholland\",\"breadcrumb\":{\"@id\":\"https:\/\/www.parkzijpersluis.nl\/de\/vermietung\/bungalow\/#breadcrumb\"},\"inLanguage\":\"de\",\"potentialAction\":[{\"@type\":\"ReadAction\",\"target\":[\"https:\/\/www.parkzijpersluis.nl\/de\/vermietung\/bungalow\/\"]}]},{\"@type\":\"ImageObject\",\"inLanguage\":\"de\",\"@id\":\"https:\/\/www.parkzijpersluis.nl\/de\/vermietung\/bungalow\/#primaryimage\",\"url\":\"https:\/\/www.parkzijpersluis.nl\/wp-content\/uploads\/2024\/09\/Ex-R5K-20211005-PZ-Chalet-42--jpg.webp\",\"contentUrl\":\"https:\/\/www.parkzijpersluis.nl\/wp-content\/uploads\/2024\/09\/Ex-R5K-20211005-PZ-Chalet-42--jpg.webp\",\"width\":1200,\"height\":800,\"caption\":\"PZ-Chalet 42\"},{\"@type\":\"BreadcrumbList\",\"@id\":\"https:\/\/www.parkzijpersluis.nl\/de\/vermietung\/bungalow\/#breadcrumb\",\"itemListElement\":[{\"@type\":\"ListItem\",\"position\":1,\"name\":\"Home\",\"item\":\"https:\/\/www.parkzijpersluis.nl\/de\/\"},{\"@type\":\"ListItem\",\"position\":2,\"name\":\"Vermietung\",\"item\":\"https:\/\/www.parkzijpersluis.nl\/de\/vermietung\/\"},{\"@type\":\"ListItem\",\"position\":3,\"name\":\"Bungalow\"}]},{\"@type\":\"WebSite\",\"@id\":\"https:\/\/www.parkzijpersluis.nl\/de\/#website\",\"url\":\"https:\/\/www.parkzijpersluis.nl\/de\/\",\"name\":\"Vakantiepark Zijpersluis\",\"description\":\"Beleef rust &amp; ruimte in Noord Holland\",\"publisher\":{\"@id\":\"https:\/\/www.parkzijpersluis.nl\/de\/#organization\"},\"alternateName\":\"Vakantiepark Zijpersluis\",\"potentialAction\":[{\"@type\":\"SearchAction\",\"target\":{\"@type\":\"EntryPoint\",\"urlTemplate\":\"https:\/\/www.parkzijpersluis.nl\/de\/?s={search_term_string}\"},\"query-input\":{\"@type\":\"PropertyValueSpecification\",\"valueRequired\":true,\"valueName\":\"search_term_string\"}}],\"inLanguage\":\"de\"},{\"@type\":\"Organization\",\"@id\":\"https:\/\/www.parkzijpersluis.nl\/de\/#organization\",\"name\":\"Vakantiepark Zijpersluis\",\"url\":\"https:\/\/www.parkzijpersluis.nl\/de\/\",\"logo\":{\"@type\":\"ImageObject\",\"inLanguage\":\"de\",\"@id\":\"https:\/\/www.parkzijpersluis.nl\/de\/#\/schema\/logo\/image\/\",\"url\":\"https:\/\/parkzijpersluis.nl\/wp-content\/uploads\/2024\/10\/logo-png.webp\",\"contentUrl\":\"https:\/\/parkzijpersluis.nl\/wp-content\/uploads\/2024\/10\/logo-png.webp\",\"width\":110,\"height\":83,\"caption\":\"Vakantiepark Zijpersluis\"},\"image\":{\"@id\":\"https:\/\/www.parkzijpersluis.nl\/de\/#\/schema\/logo\/image\/\"},\"sameAs\":[\"https:\/\/www.facebook.com\/parkzijpersluis\"]}]}<\/script>\n<!-- \/ Yoast SEO plugin. -->","yoast_head_json":{"title":"Mieten Sie einen Bungalow | Park Zijpersluis","description":"Mieten Sie einen Bungalow an der K\u00fcste \u2705 4 oder 5 Bungalows \u2705 Suchen und buchen Sie einen Urlaub im Ferienpark Zijpersluis \u2705 Nordholland","robots":{"index":"index","follow":"follow","max-snippet":"max-snippet:-1","max-image-preview":"max-image-preview:large","max-video-preview":"max-video-preview:-1"},"canonical":"https:\/\/www.parkzijpersluis.nl\/de\/vermietung\/bungalow\/","og_locale":"de_DE","og_type":"article","og_title":"Mieten Sie einen Bungalow | Park Zijpersluis","og_description":"Mieten Sie einen Bungalow an der K\u00fcste \u2705 4 oder 5 Bungalows \u2705 Suchen und buchen Sie einen Urlaub im Ferienpark Zijpersluis \u2705 Nordholland","og_url":"https:\/\/www.parkzijpersluis.nl\/de\/vermietung\/bungalow\/","og_site_name":"Vakantiepark Zijpersluis","article_publisher":"https:\/\/www.facebook.com\/parkzijpersluis","article_modified_time":"2024-11-29T10:52:53+00:00","og_image":[{"width":1200,"height":800,"url":"https:\/\/www.parkzijpersluis.nl\/wp-content\/uploads\/2024\/09\/Ex-R5K-20211005-PZ-Chalet-42--jpg.webp","type":"image\/jpeg"}],"twitter_card":"summary_large_image","twitter_misc":{"Gesch\u00e4tzte Lesezeit":"1\u00a0Minute"},"schema":{"@context":"https:\/\/schema.org","@graph":[{"@type":"WebPage","@id":"https:\/\/www.parkzijpersluis.nl\/de\/vermietung\/bungalow\/","url":"https:\/\/www.parkzijpersluis.nl\/de\/vermietung\/bungalow\/","name":"Mieten Sie einen Bungalow | Park Zijpersluis","isPartOf":{"@id":"https:\/\/www.parkzijpersluis.nl\/de\/#website"},"primaryImageOfPage":{"@id":"https:\/\/www.parkzijpersluis.nl\/de\/vermietung\/bungalow\/#primaryimage"},"image":{"@id":"https:\/\/www.parkzijpersluis.nl\/de\/vermietung\/bungalow\/#primaryimage"},"thumbnailUrl":"https:\/\/www.parkzijpersluis.nl\/wp-content\/uploads\/2024\/09\/Ex-R5K-20211005-PZ-Chalet-42--jpg.webp","datePublished":"2024-10-15T12:57:35+00:00","dateModified":"2024-11-29T10:52:53+00:00","description":"Mieten Sie einen Bungalow an der K\u00fcste \u2705 4 oder 5 Bungalows \u2705 Suchen und buchen Sie einen Urlaub im Ferienpark Zijpersluis \u2705 Nordholland","breadcrumb":{"@id":"https:\/\/www.parkzijpersluis.nl\/de\/vermietung\/bungalow\/#breadcrumb"},"inLanguage":"de","potentialAction":[{"@type":"ReadAction","target":["https:\/\/www.parkzijpersluis.nl\/de\/vermietung\/bungalow\/"]}]},{"@type":"ImageObject","inLanguage":"de","@id":"https:\/\/www.parkzijpersluis.nl\/de\/vermietung\/bungalow\/#primaryimage","url":"https:\/\/www.parkzijpersluis.nl\/wp-content\/uploads\/2024\/09\/Ex-R5K-20211005-PZ-Chalet-42--jpg.webp","contentUrl":"https:\/\/www.parkzijpersluis.nl\/wp-content\/uploads\/2024\/09\/Ex-R5K-20211005-PZ-Chalet-42--jpg.webp","width":1200,"height":800,"caption":"PZ-Chalet 42"},{"@type":"BreadcrumbList","@id":"https:\/\/www.parkzijpersluis.nl\/de\/vermietung\/bungalow\/#breadcrumb","itemListElement":[{"@type":"ListItem","position":1,"name":"Home","item":"https:\/\/www.parkzijpersluis.nl\/de\/"},{"@type":"ListItem","position":2,"name":"Vermietung","item":"https:\/\/www.parkzijpersluis.nl\/de\/vermietung\/"},{"@type":"ListItem","position":3,"name":"Bungalow"}]},{"@type":"WebSite","@id":"https:\/\/www.parkzijpersluis.nl\/de\/#website","url":"https:\/\/www.parkzijpersluis.nl\/de\/","name":"Vakantiepark Zijpersluis","description":"Beleef rust &amp; ruimte in Noord Holland","publisher":{"@id":"https:\/\/www.parkzijpersluis.nl\/de\/#organization"},"alternateName":"Vakantiepark Zijpersluis","potentialAction":[{"@type":"SearchAction","target":{"@type":"EntryPoint","urlTemplate":"https:\/\/www.parkzijpersluis.nl\/de\/?s={search_term_string}"},"query-input":{"@type":"PropertyValueSpecification","valueRequired":true,"valueName":"search_term_string"}}],"inLanguage":"de"},{"@type":"Organization","@id":"https:\/\/www.parkzijpersluis.nl\/de\/#organization","name":"Vakantiepark Zijpersluis","url":"https:\/\/www.parkzijpersluis.nl\/de\/","logo":{"@type":"ImageObject","inLanguage":"de","@id":"https:\/\/www.parkzijpersluis.nl\/de\/#\/schema\/logo\/image\/","url":"https:\/\/parkzijpersluis.nl\/wp-content\/uploads\/2024\/10\/logo-png.webp","contentUrl":"https:\/\/parkzijpersluis.nl\/wp-content\/uploads\/2024\/10\/logo-png.webp","width":110,"height":83,"caption":"Vakantiepark Zijpersluis"},"image":{"@id":"https:\/\/www.parkzijpersluis.nl\/de\/#\/schema\/logo\/image\/"},"sameAs":["https:\/\/www.facebook.com\/parkzijpersluis"]}]}},"_links":{"self":[{"href":"https:\/\/www.parkzijpersluis.nl\/de\/wp-json\/wp\/v2\/pages\/3354","targetHints":{"allow":["GET"]}}],"collection":[{"href":"https:\/\/www.parkzijpersluis.nl\/de\/wp-json\/wp\/v2\/pages"}],"about":[{"href":"https:\/\/www.parkzijpersluis.nl\/de\/wp-json\/wp\/v2\/types\/page"}],"author":[{"embeddable":true,"href":"https:\/\/www.parkzijpersluis.nl\/de\/wp-json\/wp\/v2\/users\/1"}],"replies":[{"embeddable":true,"href":"https:\/\/www.parkzijpersluis.nl\/de\/wp-json\/wp\/v2\/comments?post=3354"}],"version-history":[{"count":4,"href":"https:\/\/www.parkzijpersluis.nl\/de\/wp-json\/wp\/v2\/pages\/3354\/revisions"}],"predecessor-version":[{"id":4436,"href":"https:\/\/www.parkzijpersluis.nl\/de\/wp-json\/wp\/v2\/pages\/3354\/revisions\/4436"}],"up":[{"embeddable":true,"href":"https:\/\/www.parkzijpersluis.nl\/de\/wp-json\/wp\/v2\/pages\/3023"}],"wp:featuredmedia":[{"embeddable":true,"href":"https:\/\/www.parkzijpersluis.nl\/de\/wp-json\/wp\/v2\/media\/2739"}],"wp:attachment":[{"href":"https:\/\/www.parkzijpersluis.nl\/de\/wp-json\/wp\/v2\/media?parent=3354"}],"curies":[{"name":"wp","href":"https:\/\/api.w.org\/{rel}","templated":true}]}}