{"id":3400,"date":"2024-10-16T07:32:15","date_gmt":"2024-10-16T07:32:15","guid":{"rendered":"https:\/\/www.parkzijpersluis.nl\/?page_id=3400"},"modified":"2024-10-16T08:06:47","modified_gmt":"2024-10-16T08:06:47","slug":"disclaimer","status":"publish","type":"page","link":"https:\/\/www.parkzijpersluis.nl\/de\/disclaimer\/","title":{"rendered":"Disclaimer"},"content":{"rendered":"<style type=\"text\/css\">\n    .header-heights {\n        height: 65vh;\n    }\n    .header-heights.home {\n        height: 75vh;\n    }\n    @media (max-width: 767px) {\n        .header-heights {\n            height: 30vh;\n        }\n        .header-heights.home {\n            height: 50vh;\n        }\n    }\n<\/style><section class=\"header-img\">\n        <div class=\"img-inner header-heights\" style=\"background-image: url(https:\/\/www.parkzijpersluis.nl\/wp-content\/uploads\/2024\/10\/Top18-jpg.webp);\"><div class=\"container\"><\/div><\/div><\/section>\n\n\n<h1 class=\"wp-block-heading\">Disclaimer <\/h1>\n\n\n\n<p>Vakantiepark Zijpersluis Zijpersluis hat bei der Zusammenstellung und Pflege dieser Website gro\u00dfe Sorgfalt darauf verwendet. Dennoch ist es m\u00f6glich, dass die Website Ungenauigkeiten und\/oder Unvollkommenheiten aufweist. Vakantiepark Zijpersluis \u00fcbernimmt keine Haftung f\u00fcr Sch\u00e4den, die sich aus diesen Ungenauigkeiten und\/oder Unvollkommenheiten ergeben, noch f\u00fcr Probleme, die durch die Nutzung oder Verbreitung dieser Informationen entstehen.<\/p>\n\n\n\n<p>Die Website kann auf Informationen verweisen, die von Dritten bereitgestellt oder angeboten werden, auch \u00fcber Links. Der Inhalt dieser Informationen wird vom Vakantiepark Zijpersluis nicht weiter auf Angemessenheit, Richtigkeit, Vollst\u00e4ndigkeit oder Aktualit\u00e4t \u00fcberpr\u00fcft. Vakantiepark Zijpersluis lehnt in diesem Zusammenhang ausdr\u00fccklich jegliche Haftung ab.<\/p>\n\n\n\n<p>Besucher haben lediglich das Recht, die online angebotenen Informationen einzusehen und die angebotenen Funktionalit\u00e4ten zu nutzen. Ohne vorherige ausdr\u00fcckliche Genehmigung von VakantieparkZijpersluis ist es nicht gestattet, Inhalte oder Funktionen zu kopieren, zu reproduzieren oder in irgendeiner Weise zu ver\u00f6ffentlichen.<\/p>\n\n\n\n<p>Informationen, die per E-Mail \u00fcber das Internet an Vakantiepark Zijpersluis gesendet werden, sind nicht gesch\u00fctzt, sofern in der Datenschutzerkl\u00e4rung nichts anderes angegeben ist. Der Inhalt einer Nachricht kann daher nicht als vertraulich angesehen werden und erfolgt auf eigenes Risiko.<\/p>\n\n\n\n<p>F\u00fcr diese Website, die Datenschutzerkl\u00e4rung und diesen Haftungsausschluss gilt niederl\u00e4ndisches Recht.<\/p>\n\n\n<style type=\"text\/css\">\n    .omgeving-height {\n        height: 65vh;\n    }\n    @media (max-width: 767px) {\n        .omgeving-height {\n            height: 50vh;\n        }\n    }\n<\/style><section class=\"omgeving omgeving-full-width\">\n        <div class=\"omgeving-inner omgeving-height\" style=\"background-image: url(https:\/\/www.parkzijpersluis.nl\/wp-content\/uploads\/2023\/10\/header-1600x609.webp);\"><div class=\"omgeving-text\">\n                <div class=\"text\"><h3>Park Zijpersluis<\/h3>\n<ul>\n<li>Genie\u00dfen Sie die frische Luft am Nordseestrand<\/li>\n<li>Sch\u00f6ner Spaziergang durch die D\u00fcnen (Petten 3 km)<\/li>\n<li>Tagesausfl\u00fcge in historische St\u00e4dte wie Alkmaar und Schagen<\/li>\n<li>Genie\u00dfen Sie die Polderlandschaft mit K\u00fchen und Schafen<\/li>\n<li>Endlose Tulpenfelder im Fr\u00fchling<\/li>\n<li>Radfahren in einer l\u00e4ndlichen Umgebung mit authentischen D\u00f6rfern<\/li>\n<\/ul>\n<\/div><\/div><\/div><\/section>","protected":false},"excerpt":{"rendered":"<p>Disclaimer Vakantiepark Zijpersluis Zijpersluis hat bei der Zusammenstellung und Pflege dieser Website gro\u00dfe Sorgfalt darauf verwendet. Dennoch ist es m\u00f6glich, dass die Website Ungenauigkeiten und\/oder Unvollkommenheiten aufweist. Vakantiepark Zijpersluis \u00fcbernimmt keine Haftung f\u00fcr Sch\u00e4den, die sich aus diesen Ungenauigkeiten und\/oder Unvollkommenheiten ergeben, noch f\u00fcr Probleme, die durch die Nutzung oder Verbreitung dieser Informationen entstehen. Die [&hellip;]<\/p>\n","protected":false},"author":1,"featured_media":2813,"parent":0,"menu_order":0,"comment_status":"closed","ping_status":"closed","template":"","meta":{"_acf_changed":false,"footnotes":""},"class_list":["post-3400","page","type-page","status-publish","has-post-thumbnail","hentry"],"acf":[],"yoast_head":"<!-- This site is optimized with the Yoast SEO plugin v25.2 - https:\/\/yoast.com\/wordpress\/plugins\/seo\/ -->\n<title>Disclaimer | Vakantiepark Zijpersluis<\/title>\n<meta name=\"description\" content=\"Vakantiepark Zijpersluis \u2705 Chalets \u2705 Bungalows \u2705 Nordholland \u2705 Suchen und buchen Sie Ihren Urlaub ganz einfach online \u2705\" \/>\n<meta name=\"robots\" content=\"index, follow, max-snippet:-1, max-image-preview:large, max-video-preview:-1\" \/>\n<link rel=\"canonical\" href=\"https:\/\/www.parkzijpersluis.nl\/de\/disclaimer\/\" \/>\n<meta property=\"og:locale\" content=\"de_DE\" \/>\n<meta property=\"og:type\" content=\"article\" \/>\n<meta property=\"og:title\" content=\"Disclaimer | Vakantiepark Zijpersluis\" \/>\n<meta property=\"og:description\" content=\"Vakantiepark Zijpersluis \u2705 Chalets \u2705 Bungalows \u2705 Nordholland \u2705 Suchen und buchen Sie Ihren Urlaub ganz einfach online \u2705\" \/>\n<meta property=\"og:url\" content=\"https:\/\/www.parkzijpersluis.nl\/de\/disclaimer\/\" \/>\n<meta property=\"og:site_name\" content=\"Vakantiepark Zijpersluis\" \/>\n<meta property=\"article:publisher\" content=\"https:\/\/www.facebook.com\/parkzijpersluis\" \/>\n<meta property=\"article:modified_time\" content=\"2024-10-16T08:06:47+00:00\" \/>\n<meta property=\"og:image\" content=\"https:\/\/www.parkzijpersluis.nl\/wp-content\/uploads\/2023\/10\/header-jpg.webp\" \/>\n\t<meta property=\"og:image:width\" content=\"2000\" \/>\n\t<meta property=\"og:image:height\" content=\"761\" \/>\n\t<meta property=\"og:image:type\" content=\"image\/jpeg\" \/>\n<meta name=\"twitter:card\" content=\"summary_large_image\" \/>\n<meta name=\"twitter:label1\" content=\"Gesch\u00e4tzte Lesezeit\" \/>\n\t<meta name=\"twitter:data1\" content=\"2\u00a0Minuten\" \/>\n<script type=\"application\/ld+json\" class=\"yoast-schema-graph\">{\"@context\":\"https:\/\/schema.org\",\"@graph\":[{\"@type\":\"WebPage\",\"@id\":\"https:\/\/www.parkzijpersluis.nl\/de\/disclaimer\/\",\"url\":\"https:\/\/www.parkzijpersluis.nl\/de\/disclaimer\/\",\"name\":\"Disclaimer | Vakantiepark Zijpersluis\",\"isPartOf\":{\"@id\":\"https:\/\/www.parkzijpersluis.nl\/de\/#website\"},\"primaryImageOfPage\":{\"@id\":\"https:\/\/www.parkzijpersluis.nl\/de\/disclaimer\/#primaryimage\"},\"image\":{\"@id\":\"https:\/\/www.parkzijpersluis.nl\/de\/disclaimer\/#primaryimage\"},\"thumbnailUrl\":\"https:\/\/www.parkzijpersluis.nl\/wp-content\/uploads\/2023\/10\/header-jpg.webp\",\"datePublished\":\"2024-10-16T07:32:15+00:00\",\"dateModified\":\"2024-10-16T08:06:47+00:00\",\"description\":\"Vakantiepark Zijpersluis \u2705 Chalets \u2705 Bungalows \u2705 Nordholland \u2705 Suchen und buchen Sie Ihren Urlaub ganz einfach online \u2705\",\"breadcrumb\":{\"@id\":\"https:\/\/www.parkzijpersluis.nl\/de\/disclaimer\/#breadcrumb\"},\"inLanguage\":\"de\",\"potentialAction\":[{\"@type\":\"ReadAction\",\"target\":[\"https:\/\/www.parkzijpersluis.nl\/de\/disclaimer\/\"]}]},{\"@type\":\"ImageObject\",\"inLanguage\":\"de\",\"@id\":\"https:\/\/www.parkzijpersluis.nl\/de\/disclaimer\/#primaryimage\",\"url\":\"https:\/\/www.parkzijpersluis.nl\/wp-content\/uploads\/2023\/10\/header-jpg.webp\",\"contentUrl\":\"https:\/\/www.parkzijpersluis.nl\/wp-content\/uploads\/2023\/10\/header-jpg.webp\",\"width\":2000,\"height\":761},{\"@type\":\"BreadcrumbList\",\"@id\":\"https:\/\/www.parkzijpersluis.nl\/de\/disclaimer\/#breadcrumb\",\"itemListElement\":[{\"@type\":\"ListItem\",\"position\":1,\"name\":\"Home\",\"item\":\"https:\/\/www.parkzijpersluis.nl\/de\/\"},{\"@type\":\"ListItem\",\"position\":2,\"name\":\"Disclaimer\"}]},{\"@type\":\"WebSite\",\"@id\":\"https:\/\/www.parkzijpersluis.nl\/de\/#website\",\"url\":\"https:\/\/www.parkzijpersluis.nl\/de\/\",\"name\":\"Vakantiepark Zijpersluis\",\"description\":\"Beleef rust &amp; ruimte in Noord Holland\",\"publisher\":{\"@id\":\"https:\/\/www.parkzijpersluis.nl\/de\/#organization\"},\"alternateName\":\"Vakantiepark Zijpersluis\",\"potentialAction\":[{\"@type\":\"SearchAction\",\"target\":{\"@type\":\"EntryPoint\",\"urlTemplate\":\"https:\/\/www.parkzijpersluis.nl\/de\/?s={search_term_string}\"},\"query-input\":{\"@type\":\"PropertyValueSpecification\",\"valueRequired\":true,\"valueName\":\"search_term_string\"}}],\"inLanguage\":\"de\"},{\"@type\":\"Organization\",\"@id\":\"https:\/\/www.parkzijpersluis.nl\/de\/#organization\",\"name\":\"Vakantiepark Zijpersluis\",\"url\":\"https:\/\/www.parkzijpersluis.nl\/de\/\",\"logo\":{\"@type\":\"ImageObject\",\"inLanguage\":\"de\",\"@id\":\"https:\/\/www.parkzijpersluis.nl\/de\/#\/schema\/logo\/image\/\",\"url\":\"https:\/\/parkzijpersluis.nl\/wp-content\/uploads\/2024\/10\/logo-png.webp\",\"contentUrl\":\"https:\/\/parkzijpersluis.nl\/wp-content\/uploads\/2024\/10\/logo-png.webp\",\"width\":110,\"height\":83,\"caption\":\"Vakantiepark Zijpersluis\"},\"image\":{\"@id\":\"https:\/\/www.parkzijpersluis.nl\/de\/#\/schema\/logo\/image\/\"},\"sameAs\":[\"https:\/\/www.facebook.com\/parkzijpersluis\"]}]}<\/script>\n<!-- \/ Yoast SEO plugin. -->","yoast_head_json":{"title":"Disclaimer | Vakantiepark Zijpersluis","description":"Vakantiepark Zijpersluis \u2705 Chalets \u2705 Bungalows \u2705 Nordholland \u2705 Suchen und buchen Sie Ihren Urlaub ganz einfach online \u2705","robots":{"index":"index","follow":"follow","max-snippet":"max-snippet:-1","max-image-preview":"max-image-preview:large","max-video-preview":"max-video-preview:-1"},"canonical":"https:\/\/www.parkzijpersluis.nl\/de\/disclaimer\/","og_locale":"de_DE","og_type":"article","og_title":"Disclaimer | Vakantiepark Zijpersluis","og_description":"Vakantiepark Zijpersluis \u2705 Chalets \u2705 Bungalows \u2705 Nordholland \u2705 Suchen und buchen Sie Ihren Urlaub ganz einfach online \u2705","og_url":"https:\/\/www.parkzijpersluis.nl\/de\/disclaimer\/","og_site_name":"Vakantiepark Zijpersluis","article_publisher":"https:\/\/www.facebook.com\/parkzijpersluis","article_modified_time":"2024-10-16T08:06:47+00:00","og_image":[{"width":2000,"height":761,"url":"https:\/\/www.parkzijpersluis.nl\/wp-content\/uploads\/2023\/10\/header-jpg.webp","type":"image\/jpeg"}],"twitter_card":"summary_large_image","twitter_misc":{"Gesch\u00e4tzte Lesezeit":"2\u00a0Minuten"},"schema":{"@context":"https:\/\/schema.org","@graph":[{"@type":"WebPage","@id":"https:\/\/www.parkzijpersluis.nl\/de\/disclaimer\/","url":"https:\/\/www.parkzijpersluis.nl\/de\/disclaimer\/","name":"Disclaimer | Vakantiepark Zijpersluis","isPartOf":{"@id":"https:\/\/www.parkzijpersluis.nl\/de\/#website"},"primaryImageOfPage":{"@id":"https:\/\/www.parkzijpersluis.nl\/de\/disclaimer\/#primaryimage"},"image":{"@id":"https:\/\/www.parkzijpersluis.nl\/de\/disclaimer\/#primaryimage"},"thumbnailUrl":"https:\/\/www.parkzijpersluis.nl\/wp-content\/uploads\/2023\/10\/header-jpg.webp","datePublished":"2024-10-16T07:32:15+00:00","dateModified":"2024-10-16T08:06:47+00:00","description":"Vakantiepark Zijpersluis \u2705 Chalets \u2705 Bungalows \u2705 Nordholland \u2705 Suchen und buchen Sie Ihren Urlaub ganz einfach online \u2705","breadcrumb":{"@id":"https:\/\/www.parkzijpersluis.nl\/de\/disclaimer\/#breadcrumb"},"inLanguage":"de","potentialAction":[{"@type":"ReadAction","target":["https:\/\/www.parkzijpersluis.nl\/de\/disclaimer\/"]}]},{"@type":"ImageObject","inLanguage":"de","@id":"https:\/\/www.parkzijpersluis.nl\/de\/disclaimer\/#primaryimage","url":"https:\/\/www.parkzijpersluis.nl\/wp-content\/uploads\/2023\/10\/header-jpg.webp","contentUrl":"https:\/\/www.parkzijpersluis.nl\/wp-content\/uploads\/2023\/10\/header-jpg.webp","width":2000,"height":761},{"@type":"BreadcrumbList","@id":"https:\/\/www.parkzijpersluis.nl\/de\/disclaimer\/#breadcrumb","itemListElement":[{"@type":"ListItem","position":1,"name":"Home","item":"https:\/\/www.parkzijpersluis.nl\/de\/"},{"@type":"ListItem","position":2,"name":"Disclaimer"}]},{"@type":"WebSite","@id":"https:\/\/www.parkzijpersluis.nl\/de\/#website","url":"https:\/\/www.parkzijpersluis.nl\/de\/","name":"Vakantiepark Zijpersluis","description":"Beleef rust &amp; ruimte in Noord Holland","publisher":{"@id":"https:\/\/www.parkzijpersluis.nl\/de\/#organization"},"alternateName":"Vakantiepark Zijpersluis","potentialAction":[{"@type":"SearchAction","target":{"@type":"EntryPoint","urlTemplate":"https:\/\/www.parkzijpersluis.nl\/de\/?s={search_term_string}"},"query-input":{"@type":"PropertyValueSpecification","valueRequired":true,"valueName":"search_term_string"}}],"inLanguage":"de"},{"@type":"Organization","@id":"https:\/\/www.parkzijpersluis.nl\/de\/#organization","name":"Vakantiepark Zijpersluis","url":"https:\/\/www.parkzijpersluis.nl\/de\/","logo":{"@type":"ImageObject","inLanguage":"de","@id":"https:\/\/www.parkzijpersluis.nl\/de\/#\/schema\/logo\/image\/","url":"https:\/\/parkzijpersluis.nl\/wp-content\/uploads\/2024\/10\/logo-png.webp","contentUrl":"https:\/\/parkzijpersluis.nl\/wp-content\/uploads\/2024\/10\/logo-png.webp","width":110,"height":83,"caption":"Vakantiepark Zijpersluis"},"image":{"@id":"https:\/\/www.parkzijpersluis.nl\/de\/#\/schema\/logo\/image\/"},"sameAs":["https:\/\/www.facebook.com\/parkzijpersluis"]}]}},"_links":{"self":[{"href":"https:\/\/www.parkzijpersluis.nl\/de\/wp-json\/wp\/v2\/pages\/3400","targetHints":{"allow":["GET"]}}],"collection":[{"href":"https:\/\/www.parkzijpersluis.nl\/de\/wp-json\/wp\/v2\/pages"}],"about":[{"href":"https:\/\/www.parkzijpersluis.nl\/de\/wp-json\/wp\/v2\/types\/page"}],"author":[{"embeddable":true,"href":"https:\/\/www.parkzijpersluis.nl\/de\/wp-json\/wp\/v2\/users\/1"}],"replies":[{"embeddable":true,"href":"https:\/\/www.parkzijpersluis.nl\/de\/wp-json\/wp\/v2\/comments?post=3400"}],"version-history":[{"count":2,"href":"https:\/\/www.parkzijpersluis.nl\/de\/wp-json\/wp\/v2\/pages\/3400\/revisions"}],"predecessor-version":[{"id":3404,"href":"https:\/\/www.parkzijpersluis.nl\/de\/wp-json\/wp\/v2\/pages\/3400\/revisions\/3404"}],"wp:featuredmedia":[{"embeddable":true,"href":"https:\/\/www.parkzijpersluis.nl\/de\/wp-json\/wp\/v2\/media\/2813"}],"wp:attachment":[{"href":"https:\/\/www.parkzijpersluis.nl\/de\/wp-json\/wp\/v2\/media?parent=3400"}],"curies":[{"name":"wp","href":"https:\/\/api.w.org\/{rel}","templated":true}]}}